{"id":73,"date":"2024-02-24T20:55:03","date_gmt":"2024-02-24T20:55:03","guid":{"rendered":"https:\/\/fundacjasercajezusa.pl\/?page_id=73"},"modified":"2024-03-01T17:56:59","modified_gmt":"2024-03-01T17:56:59","slug":"z-naszej-historii","status":"publish","type":"page","link":"https:\/\/fundacjasercajezusa.pl\/index.php\/z-naszej-historii\/","title":{"rendered":"Z naszej historii"},"content":{"rendered":"\n<p><strong>Historia<\/strong><\/p>\n\n\n\n<p>Pierwsze lata dzia\u0142alno\u015bci Fundacji (do 1998 r.) by\u0142y zwi\u0105zane z Apostolstwem Modlitwy, kt\u00f3rego Krajowym Sekretarzem od 1985 roku by\u0142 o. Tadeusz Kiersztyn.<\/p>\n\n\n\n<figure class=\"wp-block-image aligncenter size-full is-resized is-style-shadow\"><img fetchpriority=\"high\" decoding=\"async\" width=\"2560\" height=\"1794\" src=\"https:\/\/fundacjasercajezusa.pl\/wp-content\/uploads\/2024\/02\/F-02-scaled.jpg\" alt=\"\" class=\"wp-image-74\" style=\"width:452px;height:auto\" srcset=\"https:\/\/fundacjasercajezusa.pl\/wp-content\/uploads\/2024\/02\/F-02-scaled.jpg 2560w, https:\/\/fundacjasercajezusa.pl\/wp-content\/uploads\/2024\/02\/F-02-300x210.jpg 300w, https:\/\/fundacjasercajezusa.pl\/wp-content\/uploads\/2024\/02\/F-02-1024x718.jpg 1024w, https:\/\/fundacjasercajezusa.pl\/wp-content\/uploads\/2024\/02\/F-02-768x538.jpg 768w, https:\/\/fundacjasercajezusa.pl\/wp-content\/uploads\/2024\/02\/F-02-1536x1076.jpg 1536w, https:\/\/fundacjasercajezusa.pl\/wp-content\/uploads\/2024\/02\/F-02-2048x1435.jpg 2048w, https:\/\/fundacjasercajezusa.pl\/wp-content\/uploads\/2024\/02\/F-02-1140x799.jpg 1140w\" sizes=\"(max-width: 2560px) 100vw, 2560px\" \/><\/figure>\n\n\n\n<p><\/p>\n\n\n\n<p>W tym okresie, pod duchow\u0105 opiek\u0105 o. Tadeusza Kiersztyna zawi\u0105zywa\u0142a si\u0119 wsp\u00f3lnota ludzi pragn\u0105cych \u201ekocha\u0107 i s\u0142u\u017cy\u0107\u201d, kt\u00f3ra w 1992 roku przybra\u0142a nazw\u0119 Wsp\u00f3lnota \u015bw. Klaudiusza la Colombi\u00e8re.<\/p>\n\n\n\n<figure class=\"wp-block-image aligncenter size-full is-resized is-style-shadow\"><img decoding=\"async\" width=\"751\" height=\"1009\" src=\"https:\/\/fundacjasercajezusa.pl\/wp-content\/uploads\/2024\/02\/F-03.jpg\" alt=\"\" class=\"wp-image-75\" style=\"width:297px;height:auto\" srcset=\"https:\/\/fundacjasercajezusa.pl\/wp-content\/uploads\/2024\/02\/F-03.jpg 751w, https:\/\/fundacjasercajezusa.pl\/wp-content\/uploads\/2024\/02\/F-03-223x300.jpg 223w, https:\/\/fundacjasercajezusa.pl\/wp-content\/uploads\/2024\/02\/F-03-636x855.jpg 636w\" sizes=\"(max-width: 751px) 100vw, 751px\" \/><\/figure>\n\n\n\n<p>Dom Formacyjny Fundacji s\u0142u\u017cy\u0142 jako baza rekolekcyjna dla cz\u0142onk\u00f3w Apostolstwa Modlitwy. Organizowane by\u0142y seminaria pod tytu\u0142em \u201eChrze\u015bcijanin w \u015bwiecie\u201d, w kt\u00f3rych uczestniczy\u0142a przede wszystkim m\u0142odzie\u017c. By\u0142y one po\u0142\u0105czone z kilkudniowymi rekolekcjami. W okresie ferii zimowych i wakacji dzieci i m\u0142odzie\u017c odpoczywa\u0142y w naszym Domu, poznaj\u0105c \u201etajniki\u201d modlitwy, czyli jak rozmawia\u0107 z kochaj\u0105cym Bogiem.<\/p>\n\n\n\n<div class=\"wp-block-columns is-layout-flex wp-container-core-columns-is-layout-9d6595d7 wp-block-columns-is-layout-flex\">\n<div class=\"wp-block-column is-layout-flow wp-block-column-is-layout-flow\" style=\"flex-basis:100%\">\n<figure class=\"wp-block-gallery has-nested-images columns-3 is-cropped wp-block-gallery-1 is-layout-flex wp-block-gallery-is-layout-flex\">\n<figure class=\"wp-block-image size-large is-style-shadow\"><a href=\"https:\/\/fundacjasercajezusa.pl\/wp-content\/uploads\/2024\/02\/F-04-rekolekcje-1.jpg\"><img decoding=\"async\" width=\"1024\" height=\"623\" data-id=\"77\" src=\"https:\/\/fundacjasercajezusa.pl\/wp-content\/uploads\/2024\/02\/F-04-rekolekcje-1-1024x623.jpg\" alt=\"\" class=\"wp-image-77\" srcset=\"https:\/\/fundacjasercajezusa.pl\/wp-content\/uploads\/2024\/02\/F-04-rekolekcje-1-1024x623.jpg 1024w, https:\/\/fundacjasercajezusa.pl\/wp-content\/uploads\/2024\/02\/F-04-rekolekcje-1-300x182.jpg 300w, https:\/\/fundacjasercajezusa.pl\/wp-content\/uploads\/2024\/02\/F-04-rekolekcje-1-768x467.jpg 768w, https:\/\/fundacjasercajezusa.pl\/wp-content\/uploads\/2024\/02\/F-04-rekolekcje-1-1140x693.jpg 1140w, https:\/\/fundacjasercajezusa.pl\/wp-content\/uploads\/2024\/02\/F-04-rekolekcje-1.jpg 1164w\" sizes=\"(max-width: 1024px) 100vw, 1024px\" \/><\/a><\/figure>\n\n\n\n<figure class=\"wp-block-image size-large is-style-shadow\"><a href=\"https:\/\/fundacjasercajezusa.pl\/wp-content\/uploads\/2024\/02\/F-04a.jpg\"><img loading=\"lazy\" decoding=\"async\" width=\"721\" height=\"1024\" data-id=\"78\" src=\"https:\/\/fundacjasercajezusa.pl\/wp-content\/uploads\/2024\/02\/F-04a-721x1024.jpg\" alt=\"\" class=\"wp-image-78\" srcset=\"https:\/\/fundacjasercajezusa.pl\/wp-content\/uploads\/2024\/02\/F-04a-721x1024.jpg 721w, https:\/\/fundacjasercajezusa.pl\/wp-content\/uploads\/2024\/02\/F-04a-211x300.jpg 211w, https:\/\/fundacjasercajezusa.pl\/wp-content\/uploads\/2024\/02\/F-04a-768x1091.jpg 768w, https:\/\/fundacjasercajezusa.pl\/wp-content\/uploads\/2024\/02\/F-04a-602x855.jpg 602w, https:\/\/fundacjasercajezusa.pl\/wp-content\/uploads\/2024\/02\/F-04a.jpg 1043w\" sizes=\"(max-width: 721px) 100vw, 721px\" \/><\/a><\/figure>\n\n\n\n<figure class=\"wp-block-image size-large is-style-shadow\"><a href=\"https:\/\/fundacjasercajezusa.pl\/wp-content\/uploads\/2024\/02\/F-04b-3.3.jpg\"><img loading=\"lazy\" decoding=\"async\" width=\"1024\" height=\"714\" data-id=\"79\" src=\"https:\/\/fundacjasercajezusa.pl\/wp-content\/uploads\/2024\/02\/F-04b-3.3-1024x714.jpg\" alt=\"\" class=\"wp-image-79\" srcset=\"https:\/\/fundacjasercajezusa.pl\/wp-content\/uploads\/2024\/02\/F-04b-3.3-1024x714.jpg 1024w, https:\/\/fundacjasercajezusa.pl\/wp-content\/uploads\/2024\/02\/F-04b-3.3-300x209.jpg 300w, https:\/\/fundacjasercajezusa.pl\/wp-content\/uploads\/2024\/02\/F-04b-3.3-768x535.jpg 768w, https:\/\/fundacjasercajezusa.pl\/wp-content\/uploads\/2024\/02\/F-04b-3.3-1140x795.jpg 1140w, https:\/\/fundacjasercajezusa.pl\/wp-content\/uploads\/2024\/02\/F-04b-3.3.jpg 1462w\" sizes=\"(max-width: 1024px) 100vw, 1024px\" \/><\/a><\/figure>\n<\/figure>\n<\/div>\n<\/div>\n\n\n\n<p>Staraniem opiekuna duchownego Fundacji i Wsp\u00f3lnoty ks. Tadeusza Kiersztyna w dniu 5 listopada 1996 roku zosta\u0142 otwarty na terenie archidiecezji krakowskiej proces beatyfikacyjny Rozalii Celak\u00f3wny. Funkcj\u0119 procesow\u0105 <em>Powoda<\/em> sprawowa\u0142a Fundacja Serca Jezusa. Przy Fundacji powsta\u0142o Biuro Postulacji S.B. Rozalii, kt\u00f3re funkcjonowa\u0142o do czasu zamkni\u0119cia procesu na szczeblu diecezji, tj. do 17 kwietnia 2007 roku. Nieocenionym wparciem w pracach procesowych by\u0142 ks. Stefan Ry\u0142ko, delegat Kurii, kt\u00f3ry nadzorowa\u0142 proces Rozalii. Wi\u0119cej o procesie na stronie archiwalnej Biura Postulacji <a href=\"http:\/\/www.rozalia.krakow.pl\" data-type=\"link\" data-id=\"www.rozalia.krakow.pl\">www.rozalia<\/a><a href=\"http:\/\/www.rozalia.krakow.pl\" data-type=\"link\" data-id=\"www.rozalia.krakow.pl\" target=\"_blank\" rel=\"noreferrer noopener\">.<\/a><a href=\"http:\/\/www.rozalia.krakow.pl\" data-type=\"link\" data-id=\"www.rozalia.krakow.pl\">krakow.pl<\/a><\/p>\n\n\n\n<figure class=\"wp-block-gallery has-nested-images columns-default is-cropped wp-block-gallery-2 is-layout-flex wp-block-gallery-is-layout-flex\">\n<figure class=\"wp-block-image size-large\"><a href=\"https:\/\/fundacjasercajezusa.pl\/wp-content\/uploads\/2024\/02\/F-05.jpg\"><img loading=\"lazy\" decoding=\"async\" width=\"500\" height=\"340\" data-id=\"82\" src=\"https:\/\/fundacjasercajezusa.pl\/wp-content\/uploads\/2024\/02\/F-05.jpg\" alt=\"\" class=\"wp-image-82\" srcset=\"https:\/\/fundacjasercajezusa.pl\/wp-content\/uploads\/2024\/02\/F-05.jpg 500w, https:\/\/fundacjasercajezusa.pl\/wp-content\/uploads\/2024\/02\/F-05-300x204.jpg 300w\" sizes=\"(max-width: 500px) 100vw, 500px\" \/><\/a><\/figure>\n\n\n\n<figure class=\"wp-block-image size-large\"><a href=\"https:\/\/fundacjasercajezusa.pl\/wp-content\/uploads\/2024\/02\/F-05-a.png\"><img loading=\"lazy\" decoding=\"async\" width=\"1024\" height=\"676\" data-id=\"84\" src=\"https:\/\/fundacjasercajezusa.pl\/wp-content\/uploads\/2024\/02\/F-05-a-1024x676.png\" alt=\"\" class=\"wp-image-84\" srcset=\"https:\/\/fundacjasercajezusa.pl\/wp-content\/uploads\/2024\/02\/F-05-a-1024x676.png 1024w, https:\/\/fundacjasercajezusa.pl\/wp-content\/uploads\/2024\/02\/F-05-a-300x198.png 300w, https:\/\/fundacjasercajezusa.pl\/wp-content\/uploads\/2024\/02\/F-05-a-768x507.png 768w, https:\/\/fundacjasercajezusa.pl\/wp-content\/uploads\/2024\/02\/F-05-a-1536x1013.png 1536w, https:\/\/fundacjasercajezusa.pl\/wp-content\/uploads\/2024\/02\/F-05-a-2048x1351.png 2048w, https:\/\/fundacjasercajezusa.pl\/wp-content\/uploads\/2024\/02\/F-05-a-1140x752.png 1140w\" sizes=\"(max-width: 1024px) 100vw, 1024px\" \/><\/a><\/figure>\n<\/figure>\n\n\n\n<p>W listopadzie 1996 roku staraniem Fundacji Serca Jezusa zosta\u0142a wykonana i z\u0142o\u017cona w Bazylice Naj\u015bwi\u0119tszego Serca Pana Jezusa w Krakowie z\u0142ota <strong>korona<\/strong>-wotum. Korona symbolizuje kr\u00f3lewsk\u0105 w\u0142adz\u0119 Pana Jezusa nad Polsk\u0105, a zarazem nawi\u0105zuje do mistycznych prze\u017cy\u0107 S\u0142u\u017cebnicy Bo\u017cej Rozalii Celak\u00f3wny, m\u00f3wi\u0105cych o tym, \u017ce kr\u00f3lowanie Jezusa, z woli Bo\u017cej, ma rozpocz\u0105\u0107 si\u0119 od Polski, by nast\u0119pnie obj\u0105\u0107 inne kraje \u015bwiata.<\/p>\n\n\n\n<figure class=\"wp-block-gallery has-nested-images columns-default is-cropped wp-block-gallery-3 is-layout-flex wp-block-gallery-is-layout-flex\">\n<figure class=\"wp-block-image size-large\"><a href=\"https:\/\/fundacjasercajezusa.pl\/wp-content\/uploads\/2024\/02\/F-07.jpg\"><img loading=\"lazy\" decoding=\"async\" width=\"708\" height=\"1024\" data-id=\"85\" src=\"https:\/\/fundacjasercajezusa.pl\/wp-content\/uploads\/2024\/02\/F-07-708x1024.jpg\" alt=\"\" class=\"wp-image-85\" srcset=\"https:\/\/fundacjasercajezusa.pl\/wp-content\/uploads\/2024\/02\/F-07-708x1024.jpg 708w, https:\/\/fundacjasercajezusa.pl\/wp-content\/uploads\/2024\/02\/F-07-208x300.jpg 208w, https:\/\/fundacjasercajezusa.pl\/wp-content\/uploads\/2024\/02\/F-07-768x1110.jpg 768w, https:\/\/fundacjasercajezusa.pl\/wp-content\/uploads\/2024\/02\/F-07-1063x1536.jpg 1063w, https:\/\/fundacjasercajezusa.pl\/wp-content\/uploads\/2024\/02\/F-07-1417x2048.jpg 1417w, https:\/\/fundacjasercajezusa.pl\/wp-content\/uploads\/2024\/02\/F-07-592x855.jpg 592w, https:\/\/fundacjasercajezusa.pl\/wp-content\/uploads\/2024\/02\/F-07.jpg 1724w\" sizes=\"(max-width: 708px) 100vw, 708px\" \/><\/a><\/figure>\n\n\n\n<figure class=\"wp-block-image size-large\"><a href=\"https:\/\/fundacjasercajezusa.pl\/wp-content\/uploads\/2024\/02\/F-06.png\"><img loading=\"lazy\" decoding=\"async\" width=\"811\" height=\"1024\" data-id=\"87\" src=\"https:\/\/fundacjasercajezusa.pl\/wp-content\/uploads\/2024\/02\/F-06-811x1024.png\" alt=\"\" class=\"wp-image-87\" srcset=\"https:\/\/fundacjasercajezusa.pl\/wp-content\/uploads\/2024\/02\/F-06-811x1024.png 811w, https:\/\/fundacjasercajezusa.pl\/wp-content\/uploads\/2024\/02\/F-06-238x300.png 238w, https:\/\/fundacjasercajezusa.pl\/wp-content\/uploads\/2024\/02\/F-06-768x970.png 768w, https:\/\/fundacjasercajezusa.pl\/wp-content\/uploads\/2024\/02\/F-06-1217x1536.png 1217w, https:\/\/fundacjasercajezusa.pl\/wp-content\/uploads\/2024\/02\/F-06-1622x2048.png 1622w, https:\/\/fundacjasercajezusa.pl\/wp-content\/uploads\/2024\/02\/F-06-677x855.png 677w\" sizes=\"(max-width: 811px) 100vw, 811px\" \/><\/a><\/figure>\n<\/figure>\n\n\n\n<p>W roku 1998 Fundacja Serca Jezusa w ramach czynno\u015bci procesowych, planuj\u0105c ekshumacj\u0119 doczesnych szcz\u0105tek Rozalii, podj\u0119\u0142a starania w sprawie wykonania sarkofagu Rozalii Celak\u00f3wny, kt\u00f3ry wed\u0142ug projektu artysty rze\u017abiarza z Poznania, p. Micha\u0142a Go\u0142\u0105bka, zosta\u0142 wykonany w 1999 roku. Sarkofag zosta\u0142 zamontowany w Bazylice Naj\u015bwi\u0119tszego Serca Jezusa w Krakowie w 2008 roku.<\/p>\n\n\n\n<figure class=\"wp-block-gallery has-nested-images columns-default is-cropped wp-block-gallery-4 is-layout-flex wp-block-gallery-is-layout-flex\">\n<figure class=\"wp-block-image size-large\"><a href=\"https:\/\/fundacjasercajezusa.pl\/wp-content\/uploads\/2024\/02\/F-09-podziekowanie.jpg\"><img loading=\"lazy\" decoding=\"async\" width=\"715\" height=\"1024\" data-id=\"88\" src=\"https:\/\/fundacjasercajezusa.pl\/wp-content\/uploads\/2024\/02\/F-09-podziekowanie-715x1024.jpg\" alt=\"\" class=\"wp-image-88\" srcset=\"https:\/\/fundacjasercajezusa.pl\/wp-content\/uploads\/2024\/02\/F-09-podziekowanie-715x1024.jpg 715w, https:\/\/fundacjasercajezusa.pl\/wp-content\/uploads\/2024\/02\/F-09-podziekowanie-209x300.jpg 209w, https:\/\/fundacjasercajezusa.pl\/wp-content\/uploads\/2024\/02\/F-09-podziekowanie-768x1100.jpg 768w, https:\/\/fundacjasercajezusa.pl\/wp-content\/uploads\/2024\/02\/F-09-podziekowanie-1072x1536.jpg 1072w, https:\/\/fundacjasercajezusa.pl\/wp-content\/uploads\/2024\/02\/F-09-podziekowanie-1430x2048.jpg 1430w, https:\/\/fundacjasercajezusa.pl\/wp-content\/uploads\/2024\/02\/F-09-podziekowanie-597x855.jpg 597w, https:\/\/fundacjasercajezusa.pl\/wp-content\/uploads\/2024\/02\/F-09-podziekowanie.jpg 1601w\" sizes=\"(max-width: 715px) 100vw, 715px\" \/><\/a><\/figure>\n\n\n\n<figure class=\"wp-block-image size-large\"><a href=\"https:\/\/fundacjasercajezusa.pl\/wp-content\/uploads\/2024\/02\/F-08-sarkofag-scaled.jpg\"><img loading=\"lazy\" decoding=\"async\" width=\"768\" height=\"1024\" data-id=\"89\" src=\"https:\/\/fundacjasercajezusa.pl\/wp-content\/uploads\/2024\/02\/F-08-sarkofag-768x1024.jpg\" alt=\"\" class=\"wp-image-89\" srcset=\"https:\/\/fundacjasercajezusa.pl\/wp-content\/uploads\/2024\/02\/F-08-sarkofag-768x1024.jpg 768w, https:\/\/fundacjasercajezusa.pl\/wp-content\/uploads\/2024\/02\/F-08-sarkofag-225x300.jpg 225w, https:\/\/fundacjasercajezusa.pl\/wp-content\/uploads\/2024\/02\/F-08-sarkofag-1152x1536.jpg 1152w, https:\/\/fundacjasercajezusa.pl\/wp-content\/uploads\/2024\/02\/F-08-sarkofag-1536x2048.jpg 1536w, https:\/\/fundacjasercajezusa.pl\/wp-content\/uploads\/2024\/02\/F-08-sarkofag-641x855.jpg 641w, https:\/\/fundacjasercajezusa.pl\/wp-content\/uploads\/2024\/02\/F-08-sarkofag-scaled.jpg 1920w\" sizes=\"(max-width: 768px) 100vw, 768px\" \/><\/a><\/figure>\n<\/figure>\n\n\n\n<p>R\u00f3wnocze\u015bnie prowadzone by\u0142y intensywnie prace procesowe, kt\u00f3re ostatecznie Biuro Postulacji zako\u0144czy\u0142o w 2000 roku. We wrze\u015bniu tego roku zosta\u0142o z\u0142o\u017cone do Kurii krakowskiej pismo z pro\u015bb\u0105 o zamkni\u0119cie procesu. Nast\u0105pi\u0142o to siedem lat p\u00f3\u017aniej, tj. 17 kwietnia 2007 roku.<\/p>\n\n\n\n<figure class=\"wp-block-image aligncenter size-large is-resized\"><img loading=\"lazy\" decoding=\"async\" width=\"768\" height=\"1024\" src=\"https:\/\/fundacjasercajezusa.pl\/wp-content\/uploads\/2024\/02\/F-10-2017-zamk.-procesu-768x1024.jpg\" alt=\"\" class=\"wp-image-90\" style=\"width:323px;height:auto\" srcset=\"https:\/\/fundacjasercajezusa.pl\/wp-content\/uploads\/2024\/02\/F-10-2017-zamk.-procesu-768x1024.jpg 768w, https:\/\/fundacjasercajezusa.pl\/wp-content\/uploads\/2024\/02\/F-10-2017-zamk.-procesu-225x300.jpg 225w, https:\/\/fundacjasercajezusa.pl\/wp-content\/uploads\/2024\/02\/F-10-2017-zamk.-procesu-1152x1536.jpg 1152w, https:\/\/fundacjasercajezusa.pl\/wp-content\/uploads\/2024\/02\/F-10-2017-zamk.-procesu-641x855.jpg 641w, https:\/\/fundacjasercajezusa.pl\/wp-content\/uploads\/2024\/02\/F-10-2017-zamk.-procesu.jpg 1536w\" sizes=\"(max-width: 768px) 100vw, 768px\" \/><\/figure>\n\n\n\n<p>Od momentu rozpocz\u0119cia procesu S.B. Rozalii Celak\u00f3wny dzia\u0142ania&nbsp; Fundacji skupi\u0142y si\u0119 na staraniach o dokonanie w Polsce Intronizacji Jezusa Kr\u00f3la i propagowaniu tej idei. Po 20 latach od rozpocz\u0119cia procesu S.B. Rozalii Akt Intronizacyjny zosta\u0142 uroczy\u015bcie proklamowany 19 listopada 2016 roku w Krakowie \u2013 \u0141agiewnikach, w Bazylice Mi\u0142osierdzia Bo\u017cego, w obecno\u015bci przedstawicieli w\u0142adz \u015bwieckich, Episkopatu Polski, tysi\u0105ca kap\u0142an\u00f3w i dwustutysiecznej rzeszy wiernych.<\/p>\n\n\n\n<p>Dzia\u0142ania Fundacji skierowane s\u0105 obecnie na szerokie informowanie o dokonanym w 2016 roku <em>Jubileuszowym Akcie Przyj\u0119cia Jezusa Chrystusa za Kr\u00f3la i Pana<\/em> (m.in. zapoznawanie z tre\u015bci\u0105 Aktu i Komentarzem KEP), ze szczeg\u00f3lnym ukierunkowaniem na zobowi\u0105zania Narodu wynikaj\u0105ce z Aktu.<\/p>\n\n\n\n<figure class=\"wp-block-image aligncenter size-full is-resized\"><img loading=\"lazy\" decoding=\"async\" width=\"696\" height=\"998\" src=\"https:\/\/fundacjasercajezusa.pl\/wp-content\/uploads\/2024\/02\/F-11-Bog-zakrolowal.jpg\" alt=\"\" class=\"wp-image-91\" style=\"width:360px;height:auto\" srcset=\"https:\/\/fundacjasercajezusa.pl\/wp-content\/uploads\/2024\/02\/F-11-Bog-zakrolowal.jpg 696w, https:\/\/fundacjasercajezusa.pl\/wp-content\/uploads\/2024\/02\/F-11-Bog-zakrolowal-209x300.jpg 209w, https:\/\/fundacjasercajezusa.pl\/wp-content\/uploads\/2024\/02\/F-11-Bog-zakrolowal-596x855.jpg 596w\" sizes=\"(max-width: 696px) 100vw, 696px\" \/><\/figure>\n\n\n\n<p><\/p>\n\n\n\n<p>Maj\u0105c na uwadze zapisy znajduj\u0105ce si\u0119 w Komentarzu do Aktu, skupiamy si\u0119 na opracowaniu programu formacyjnego s\u0142u\u017c\u0105cego procesowi przemiany naszego spo\u0142ecze\u0144stwa w duchu tego Aktu, aby by\u0142o ono zdolne zbudowa\u0107 autentyczne Kr\u00f3lestwo Chrystusa w Polsce.<\/p>\n\n\n\n<p>Wi\u0119cej w zak\u0142adce INTRONIZACJA<\/p>\n","protected":false},"excerpt":{"rendered":"<p>Historia Pierwsze lata dzia\u0142alno\u015bci Fundacji (do 1998 r.) by\u0142y zwi\u0105zane z Apostolstwem Modlitwy, kt\u00f3rego<span class=\"more-dots\">&#8230;<\/span><\/p>\n","protected":false},"author":1,"featured_media":0,"parent":0,"menu_order":0,"comment_status":"closed","ping_status":"closed","template":"","meta":{"_acf_changed":false,"footnotes":""},"class_list":["post-73","page","type-page","status-publish","hentry","no-post-thumbnail"],"acf":[],"_links":{"self":[{"href":"https:\/\/fundacjasercajezusa.pl\/index.php\/wp-json\/wp\/v2\/pages\/73","targetHints":{"allow":["GET"]}}],"collection":[{"href":"https:\/\/fundacjasercajezusa.pl\/index.php\/wp-json\/wp\/v2\/pages"}],"about":[{"href":"https:\/\/fundacjasercajezusa.pl\/index.php\/wp-json\/wp\/v2\/types\/page"}],"author":[{"embeddable":true,"href":"https:\/\/fundacjasercajezusa.pl\/index.php\/wp-json\/wp\/v2\/users\/1"}],"replies":[{"embeddable":true,"href":"https:\/\/fundacjasercajezusa.pl\/index.php\/wp-json\/wp\/v2\/comments?post=73"}],"version-history":[{"count":10,"href":"https:\/\/fundacjasercajezusa.pl\/index.php\/wp-json\/wp\/v2\/pages\/73\/revisions"}],"predecessor-version":[{"id":218,"href":"https:\/\/fundacjasercajezusa.pl\/index.php\/wp-json\/wp\/v2\/pages\/73\/revisions\/218"}],"wp:attachment":[{"href":"https:\/\/fundacjasercajezusa.pl\/index.php\/wp-json\/wp\/v2\/media?parent=73"}],"curies":[{"name":"wp","href":"https:\/\/api.w.org\/{rel}","templated":true}]}}