{"id":342,"date":"2025-11-29T19:29:40","date_gmt":"2025-11-29T19:29:40","guid":{"rendered":"https:\/\/fundacjasercajezusa.pl\/?page_id=342"},"modified":"2025-12-09T07:03:01","modified_gmt":"2025-12-09T07:03:01","slug":"wspomoz-nasza-dzialalnosc","status":"publish","type":"page","link":"https:\/\/fundacjasercajezusa.pl\/index.php\/wspomoz-nasza-dzialalnosc\/","title":{"rendered":"Wspom\u00f3\u017c nasz\u0105 dzia\u0142alno\u015b\u0107"},"content":{"rendered":"\n<p><strong>Wesprzyj Fundacj\u0119 Serca Jezusa<\/strong><\/p>\n\n\n\n<p>Fundacja Serca Jezusa prowadzi dzie\u0142a, kt\u00f3rych celem jest umacnianie wiary, formacja duchowa oraz wspieranie rozwoju moralnego i kulturowego dzieci, m\u0142odzie\u017cy i doros\u0142ych. Dzi\u0119ki ludziom dobrej woli mo\u017cemy realizowa\u0107 nasze powo\u0142anie i dociera\u0107\u00a0z misj\u0105 S. B. Rozalii Celak\u00f3wny\u00a0do coraz wi\u0119kszej liczby os\u00f3b, szerz\u0105c Kr\u00f3lestwo Bo\u017ce.<\/p>\n\n\n\n<p>Je\u015bli pragniesz pom\u00f3c nam w tej misji, mo\u017cesz to zrobi\u0107 tutaj. Wype\u0142nij formularz poni\u017cej:<\/p>\n\n\n<form class=\"wrap\" id=\"donation-form\" method=\"POST\" action=\"\">\n\t<table class=\"form-table\">\n\t\t<tbody>\n\n\t<tr valign=\"top\" >\n\t\t\t<th class=\"titledesc\" scope=\"row\">\n\t\t<label for=\"first_name\">\n\t\t\tImi\u0119\t\t\t\t\t\t\t<span class=\"required\"> *<\/span>\n\t\t\t\t\t<\/label>\n\t<\/th>\n\t\t<td class=\"forminp\">\n\t\t\t\n\n<input\n\ttype=\"text\"\n\tname=\"flexible_donation[first_name]\"\n\n\t\n\tplaceholder=\"Imi\u0119\"\tdata-valid-required=\"1\"\t\n\t\t\tvalue=\"\"\n\t\/>\n\n\t\t\t\t\t<\/td>\n\t<\/tr>\n\t<tr valign=\"top\" >\n\t\t\t<th class=\"titledesc\" scope=\"row\">\n\t\t<label for=\"last_name\">\n\t\t\tNazwisko\t\t\t\t\t\t\t<span class=\"required\"> *<\/span>\n\t\t\t\t\t<\/label>\n\t<\/th>\n\t\t<td class=\"forminp\">\n\t\t\t\n\n<input\n\ttype=\"text\"\n\tname=\"flexible_donation[last_name]\"\n\n\t\n\tplaceholder=\"Nazwisko\"\tdata-valid-required=\"1\"\t\n\t\t\tvalue=\"\"\n\t\/>\n\n\t\t\t\t\t<\/td>\n\t<\/tr>\n\t<tr valign=\"top\" >\n\t\t\t<th class=\"titledesc\" scope=\"row\">\n\t\t<label for=\"email\">\n\t\t\tE-mail\t\t\t\t\t\t\t<span class=\"required\"> *<\/span>\n\t\t\t\t\t<\/label>\n\t<\/th>\n\t\t<td class=\"forminp\">\n\t\t\t\n\n<input\n\ttype=\"text\"\n\tname=\"flexible_donation[email]\"\n\n\t\n\tplaceholder=\"E-mail\"\tdata-valid-required=\"1\"\tdata-valid-email=\"1\"\t\n\t\t\tvalue=\"\"\n\t\/>\n\n\t\t\t\t\t<\/td>\n\t<\/tr>\n\t<tr valign=\"top\" >\n\t\t\t<th class=\"titledesc\" scope=\"row\">\n\t\t<label for=\"amount\">\n\t\t\tKwota\t\t\t\t\t\t\t<span class=\"required\"> *<\/span>\n\t\t\t\t\t<\/label>\n\t<\/th>\n\t\t<td class=\"forminp\">\n\t\t\t<div class=\"amount-field\">\n\t\t\t\t\t<div class=\"amount-item price-20\" data-price=\"20\">\n\t\t\t<span class=\"amount\">20<\/span>\n\t\t\t<span class=\"currency\">z\u0142<\/span>\n\t\t<\/div>\n\t\t\t<div class=\"amount-item price-50\" data-price=\"50\">\n\t\t\t<span class=\"amount\">50<\/span>\n\t\t\t<span class=\"currency\">z\u0142<\/span>\n\t\t<\/div>\n\t\t\t<div class=\"amount-item price-100\" data-price=\"100\">\n\t\t\t<span class=\"amount\">100<\/span>\n\t\t\t<span class=\"currency\">z\u0142<\/span>\n\t\t<\/div>\n\t\t\t\t\t<div class=\"amount-item custom_price\" data-condition=\"custom_price\" data-price=\"20\">\n\t\t\t<span class=\"amount custom\">W\u0142asna kwota<\/span>\n\t\t<\/div>\n\t\n\t<div class=\"input-price\" style=\"display: none;\">\n\t\t<input\n\t\t\tid=\"donation-form-amount\"\n\t\t\tplaceholder=\"20\"\n\t\t\tdata-valid-min=\"20\"\n\t\t\tdata-valid-max=\"0\"\n\t\t\tname=\"flexible_donation[amount]\"\n\t\t\ttype=\"number\"\n\t\t\tvalue=\"20\"\n\t\t\tdata-valid-required=\"1\"data-valid-number=\"1\"\t\t\/>\n\t\t<p class=\"description\">Wpisz w\u0142asn\u0105 kwot\u0119. Minimalna kwota to: 20<\/p>\n\t<\/div>\n<\/div>\n\t\t\t\t\t<\/td>\n\t<\/tr>\n\t<tr valign=\"top\" >\n\t\t\t<th class=\"titledesc\" scope=\"row\">\n\t\t<label for=\"comment\">\n\t\t\tKomentarz\t\t\t\t\t<\/label>\n\t<\/th>\n\t\t<td class=\"forminp\">\n\t\t\t\n<textarea\n\tid=\"comment\"\n\t\t\tname=\"flexible_donation[comment]\"\n\t\n\t><\/textarea>\n\t\t\t\t\t<\/td>\n\t<\/tr>\n\t<tr valign=\"top\" >\n\t\t\t<th class=\"titledesc\" scope=\"row\">\n\t\t<label for=\"payment_method\">\n\t\t\tMetoda p\u0142atno\u015bci\t\t\t\t\t\t\t<span class=\"required\"> *<\/span>\n\t\t\t\t\t<\/label>\n\t<\/th>\n\t\t<td class=\"forminp\">\n\t\t\t\t<input value=\"payu\" name=\"flexible_donation[payment_method]\" type=\"hidden\"\/>\n\t<strong>PayU<\/strong>\n\t\t\t\t\t<\/td>\n\t<\/tr>\n\t<tr valign=\"top\" >\n\t\t\t<th class=\"titledesc\" scope=\"row\">\n\t\t<label for=\"\">\n\t\t\t\u00a0\t\t\t\t\t<\/label>\n\t<\/th>\n\t\t<td class=\"forminp\">\n\t\t\t<p class=\"grouped-checkbox\" style=\"padding: 3px 0; margin: 0 0;\">\n\t<input type=\"hidden\" name=\"flexible_donation[anonymous_data]\" value=\"no\"\/>\n\n\t<label>\n<input\n\ttype=\"checkbox\"\n\tname=\"flexible_donation[anonymous_data]\"\n\n\t\n\t\n\t\t\tvalue=\"yes\"\n\t\t\t\/>\n\n\tUkryj moje dane na publicznej li\u015bcie wp\u0142at<\/label>\n<\/p><p class=\"grouped-checkbox\" style=\"padding: 3px 0; margin: 0 0;\">\n\t<input type=\"hidden\" name=\"flexible_donation[anonymous_amount]\" value=\"no\"\/>\n\n\t<label>\n<input\n\ttype=\"checkbox\"\n\tname=\"flexible_donation[anonymous_amount]\"\n\n\t\n\t\n\t\t\tvalue=\"yes\"\n\t\t\t\/>\n\n\tUkryj moj\u0105 kwot\u0119 na publicznej li\u015bcie depozyt\u00f3w<\/label>\n<\/p>\t\t\t\t\t<\/td>\n\t<\/tr>\n\t<tr valign=\"top\" >\n\t\t\t\t<td class=\"forminp\">\n\t\t\t\n\n<input\n\ttype=\"hidden\"\n\tname=\"flexible_donation[form_id]\"\n\n\t\n\t\n\t\t\tvalue=\"339\"\n\t\/>\n\n\t\t\t\t\t<\/td>\n\t<\/tr>\n\n<tr>\n\t<td style=\"padding-left:0;\">\n\t\t<p class=\"submit\">\n\t\t\t<input\n\t\t\t\t\t\t\t\t\t\t\t\ttype=\"submit\"\n\t\t\t\tname=\"flexible_donation[send_donation]\"\n\t\t\t\tvalue=\"Wy\u015blij darowizn\u0119\"\n\t\t\t\/>\n\t\t<\/p>\n\t<\/td>\n<\/tr>\n\t<\/tbody>\n\t<\/table>\n\t<\/form>\n\n\n\n\n<p>Dokonuj\u0105c wp\u0142at akceptujesz <a href=\"https:\/\/fundacjasercajezusa.pl\/index.php\/regulamin-darowizn\/\" data-type=\"page\" data-id=\"2\">regulamin darowizn<\/a> oraz nasz\u0105 <a href=\"https:\/\/fundacjasercajezusa.pl\/index.php\/privacy-policy\/\" data-type=\"page\" data-id=\"3\">polityk\u0119 prywatno\u015bci<\/a>. <\/p>\n","protected":false},"excerpt":{"rendered":"<p>Wesprzyj Fundacj\u0119 Serca Jezusa Fundacja Serca Jezusa prowadzi dzie\u0142a, kt\u00f3rych celem jest umacnianie wiary,<span class=\"more-dots\">&#8230;<\/span><\/p>\n","protected":false},"author":7,"featured_media":0,"parent":0,"menu_order":0,"comment_status":"closed","ping_status":"closed","template":"","meta":{"_acf_changed":false,"footnotes":""},"class_list":["post-342","page","type-page","status-publish","hentry","no-post-thumbnail"],"acf":[],"_links":{"self":[{"href":"https:\/\/fundacjasercajezusa.pl\/index.php\/wp-json\/wp\/v2\/pages\/342","targetHints":{"allow":["GET"]}}],"collection":[{"href":"https:\/\/fundacjasercajezusa.pl\/index.php\/wp-json\/wp\/v2\/pages"}],"about":[{"href":"https:\/\/fundacjasercajezusa.pl\/index.php\/wp-json\/wp\/v2\/types\/page"}],"author":[{"embeddable":true,"href":"https:\/\/fundacjasercajezusa.pl\/index.php\/wp-json\/wp\/v2\/users\/7"}],"replies":[{"embeddable":true,"href":"https:\/\/fundacjasercajezusa.pl\/index.php\/wp-json\/wp\/v2\/comments?post=342"}],"version-history":[{"count":5,"href":"https:\/\/fundacjasercajezusa.pl\/index.php\/wp-json\/wp\/v2\/pages\/342\/revisions"}],"predecessor-version":[{"id":358,"href":"https:\/\/fundacjasercajezusa.pl\/index.php\/wp-json\/wp\/v2\/pages\/342\/revisions\/358"}],"wp:attachment":[{"href":"https:\/\/fundacjasercajezusa.pl\/index.php\/wp-json\/wp\/v2\/media?parent=342"}],"curies":[{"name":"wp","href":"https:\/\/api.w.org\/{rel}","templated":true}]}}