{"id":247,"date":"2024-05-26T20:30:46","date_gmt":"2024-05-26T20:30:46","guid":{"rendered":"https:\/\/fundacjasercajezusa.pl\/?page_id=247"},"modified":"2024-05-26T20:31:11","modified_gmt":"2024-05-26T20:31:11","slug":"modlitwa-za-wstawiennictwem-rozalii","status":"publish","type":"page","link":"https:\/\/fundacjasercajezusa.pl\/index.php\/modlitwa-za-wstawiennictwem-rozalii\/","title":{"rendered":"Modlitwa za wstawiennictwem Rozalii"},"content":{"rendered":"\n<p><strong>Modlitwa o beatyfikacj\u0119 S\u0142u\u017cebnicy Bo\u017cej Rozalii Celak\u00f3wny<\/strong> <strong>i Nowenna o uproszenie \u0142ask za jej wstawiennictwem<\/strong><\/p>\n\n\n\n<p>Bo\u017ce, pe\u0142en dobroci i mi\u0142osierdzia wobec grzesznik\u00f3w, prosimy Ci\u0119, rozpal nasze serca apostolsk\u0105 gorliwo\u015bci\u0105 w szerzeniu nabo\u017ce\u0144stwa do Jezusa Kr\u00f3la i Dzie\u0142a Jego Intronizacji w Narodzie Polskim. Daj nam ducha ofiarnej mi\u0142o\u015bci wzgl\u0119dem chorych i nieszcz\u0119\u015bliwych, kt\u00f3rym obdarzy\u0142e\u015b Tw\u0105 s\u0142u\u017cebnic\u0119 Rozali\u0119 Celak\u00f3wn\u0119.<\/p>\n\n\n\n<p>Wszechmog\u0105cy, wieczny Bo\u017ce, \u017ar\u00f3d\u0142o wszelkiej \u015bwi\u0119to\u015bci, prosimy Ci\u0119 o \u0142ask\u0119 wyniesienia na o\u0142tarze Twej s\u0142u\u017cebnicy, aby\u015bmy za jej wzorem i wstawiennictwem, umocnieni \u015bwiat\u0142em i moc\u0105 Ducha \u015awi\u0119tego, stawali si\u0119 dojrza\u0142ymi katolikami i wiernie szli drog\u0105 Krzy\u017ca ku Zmartwychwstaniu, w jedno\u015bci z Jezusem Chrystusem, Panem naszym.<\/p>\n\n\n\n<p>Jezu Kr\u00f3lu Polski, b\u0142agamy Ci\u0119, udziel nam za przyczyn\u0105 s\u0142u\u017cebnicy Twojej Rozalii \u0142aski \u2026&#8230;&#8230;&#8230;, o kt\u00f3r\u0105 pokornie Ci\u0119 prosimy. Amen.<\/p>\n\n\n\n<p>Odm\u00f3wi\u0107 w intencji wyniesienia na o\u0142tarze S.B. Rozalii Celak\u00f3wny:<\/p>\n\n\n\n<p><strong><em>3\\x Ojcze nasz, Zdrowa\u015b Maryjo,<\/em><\/strong><\/p>\n\n\n\n<p><strong><em>Jezu Kr\u00f3lu Polski, przyjd\u017a Kr\u00f3lestwo Twoje!<\/em><\/strong><\/p>\n\n\n\n<p><\/p>\n\n\n\n<p><\/p>\n\n\n\n<p><strong>Prayer for beatification of the Servant of God<\/strong><\/p>\n\n\n\n<p><strong>ROZALIA CELAK<\/strong><\/p>\n\n\n\n<p><strong>and a novena to plead graces through her intercession<\/strong><\/p>\n\n\n\n<p><em>When saying the abridged version of the novena, one should participate in Holy Mass for 9consecutive days and, if possible, receive the Holy Communion on every of those days.<\/em><\/p>\n\n\n\n<p>God, Lord full of kindness and mercy for sinners, please arouse apostolic enthusiasm in our hearts to spread the devotion to the Sacred Heart of Jesus and His Enthronement in the Polish Nation. Grant us the spirit of dedicated love to the sick and the unhappy, which you bestowed on Your servant Rozalia Celak.<\/p>\n\n\n\n<p>Almighty and Eternal God, the source of all holiness, we ask You for the grace of canonisation of Your servant so that we, following her example and through her intercession, strengthened by the light and might of the Holy Spirit, could become mature Catholics and faithfully proceed along the way of the Cross towards Resurrection in the unity with Jesus Christ, Our Lord.<\/p>\n\n\n\n<p>Jesus, King of Poland, I beg You most humbly to grant me, through the intercession of Your servant Rozalia, the special favour I now implore &#8230;<\/p>\n\n\n\n<p>One should subsequently say: Our Father 3 times, Hail Mary 3 times, and Jesus, King of the Universe, please, reign in our Country and in all the nations 3 times.<\/p>\n\n\n\n<p>Imprimatur &#8211; Metropolitan Curia<\/p>\n\n\n\n<p>Krak\u00f3w, 4th September 1997, No. 2389\/97, Bishop Jan Szkodo\u0144<\/p>\n\n\n\n<p><\/p>\n","protected":false},"excerpt":{"rendered":"<p>Modlitwa o beatyfikacj\u0119 S\u0142u\u017cebnicy Bo\u017cej Rozalii Celak\u00f3wny i Nowenna o uproszenie \u0142ask za jej<span class=\"more-dots\">&#8230;<\/span><\/p>\n","protected":false},"author":1,"featured_media":0,"parent":0,"menu_order":0,"comment_status":"closed","ping_status":"closed","template":"","meta":{"_acf_changed":false,"footnotes":""},"class_list":["post-247","page","type-page","status-publish","hentry","no-post-thumbnail"],"acf":[],"_links":{"self":[{"href":"https:\/\/fundacjasercajezusa.pl\/index.php\/wp-json\/wp\/v2\/pages\/247","targetHints":{"allow":["GET"]}}],"collection":[{"href":"https:\/\/fundacjasercajezusa.pl\/index.php\/wp-json\/wp\/v2\/pages"}],"about":[{"href":"https:\/\/fundacjasercajezusa.pl\/index.php\/wp-json\/wp\/v2\/types\/page"}],"author":[{"embeddable":true,"href":"https:\/\/fundacjasercajezusa.pl\/index.php\/wp-json\/wp\/v2\/users\/1"}],"replies":[{"embeddable":true,"href":"https:\/\/fundacjasercajezusa.pl\/index.php\/wp-json\/wp\/v2\/comments?post=247"}],"version-history":[{"count":3,"href":"https:\/\/fundacjasercajezusa.pl\/index.php\/wp-json\/wp\/v2\/pages\/247\/revisions"}],"predecessor-version":[{"id":250,"href":"https:\/\/fundacjasercajezusa.pl\/index.php\/wp-json\/wp\/v2\/pages\/247\/revisions\/250"}],"wp:attachment":[{"href":"https:\/\/fundacjasercajezusa.pl\/index.php\/wp-json\/wp\/v2\/media?parent=247"}],"curies":[{"name":"wp","href":"https:\/\/api.w.org\/{rel}","templated":true}]}}