{"id":2,"date":"2024-02-22T22:17:24","date_gmt":"2024-02-22T22:17:24","guid":{"rendered":"http:\/\/dhgjawr.cluster030.hosting.ovh.net\/?page_id=2"},"modified":"2025-12-05T17:57:00","modified_gmt":"2025-12-05T17:57:00","slug":"regulamin-darowizn","status":"publish","type":"page","link":"https:\/\/fundacjasercajezusa.pl\/index.php\/regulamin-darowizn\/","title":{"rendered":"Regulamin darowizn"},"content":{"rendered":"\n<p><strong>Fundacja Serca Jezusa<br>ul. Do Wilgi 23<br>30-419 Krak\u00f3w<br>KRS 0000057346<\/strong><\/p>\n\n\n\n<h2 class=\"wp-block-heading\">1. Postanowienia og\u00f3lne<\/h2>\n\n\n\n<p>1. Niniejszy regulamin okre\u015bla zasady przekazywania darowizn (wp\u0142at) na rzecz Fundacji Serca Jezusa.<\/p>\n\n\n\n<p>2. Darowizny mog\u0105 by\u0107 przekazywane za po\u015brednictwem formularza p\u0142atno\u015bci online PayU lub innymi kana\u0142ami wskazanymi przez Fundacj\u0119.<\/p>\n\n\n\n<p>3. \u015arodki przekazane w formie darowizny zostan\u0105 przeznaczone wy\u0142\u0105cznie na realizacj\u0119 cel\u00f3w statutowych Fundacji.<\/p>\n\n\n\n<h2 class=\"wp-block-heading\">2. Cele darowizn<\/h2>\n\n\n\n<p>Darowizny s\u0105 przeznaczane na realizacj\u0119 cel\u00f3w statutowych Fundacji Serca Jezusa, w szczeg\u00f3lno\u015bci:<\/p>\n\n\n\n<p>&#8211; odnow\u0119 \u017cycia religijnego, moralnego i kulturowego spo\u0142ecze\u0144stwa,<\/p>\n\n\n\n<p>&#8211; kszta\u0142towanie postaw moralnych i spo\u0142ecznych u dzieci, m\u0142odzie\u017cy i doros\u0142ych zgodnie z warto\u015bciami chrze\u015bcija\u0144skimi,<\/p>\n\n\n\n<p>&#8211; wsparcie dzia\u0142a\u0144 edukacyjnych, formacyjnych, rekolekcyjnych, ewangelizacyjnych i kulturalnych.<\/p>\n\n\n\n<h2 class=\"wp-block-heading\">3. Spos\u00f3b dokonywania darowizny<\/h2>\n\n\n\n<p>1. Darowizn\u0119 mo\u017cna przekaza\u0107, wype\u0142niaj\u0105c formularz PayU dost\u0119pny na stronie Fundacji.<\/p>\n\n\n\n<p>2. P\u0142atno\u015b\u0107 zostaje przetworzona przez system PayU i przekazana na konto Fundacji.<\/p>\n\n\n\n<h2 class=\"wp-block-heading\">4. Potwierdzenie i rozliczenie darowizny<\/h2>\n\n\n\n<p>1. Fundacja mo\u017ce wystawi\u0107 potwierdzenie darowizny, je\u015bli darczy\u0144ca o to poprosi.<\/p>\n\n\n\n<p>2. Darowizny mog\u0105 by\u0107 przeznaczone wy\u0142\u0105cznie na cele statutowe Fundacji.<\/p>\n\n\n\n<h2 class=\"wp-block-heading\">5. Poufno\u015b\u0107 i ochrona danych osobowych<\/h2>\n\n\n\n<p>1. Dane darczy\u0144c\u00f3w s\u0105 przetwarzane wy\u0142\u0105cznie w celu realizacji wp\u0142aty i rozlicze\u0144.<\/p>\n\n\n\n<p>2. Fundacja nie udost\u0119pnia danych osobowych osobom trzecim poza przypadkami wymaganymi przez prawo.<\/p>\n\n\n\n<h2 class=\"wp-block-heading\">6. Odmowa przyj\u0119cia darowizny \/ zwrot darowizny<\/h2>\n\n\n\n<p>1. Fundacja mo\u017ce odm\u00f3wi\u0107 przyj\u0119cia darowizny, je\u015bli jej pochodzenie budzi w\u0105tpliwo\u015bci.<\/p>\n\n\n\n<p>2. W przypadku odmowy lub konieczno\u015bci zwrotu darczy\u0144ca zostanie poinformowany.<\/p>\n\n\n\n<h2 class=\"wp-block-heading\">7. Postanowienia ko\u0144cowe<\/h2>\n\n\n\n<p>1. Regulamin mo\u017ce by\u0107 zmieniany przez Zarz\u0105d Fundacji.<\/p>\n\n\n\n<p>2. W sprawach nieuregulowanych zastosowanie maj\u0105 przepisy prawa polskiego.ntent. Have fun!<\/p>\n","protected":false},"excerpt":{"rendered":"<p>Fundacja Serca Jezusaul. Do Wilgi 2330-419 Krak\u00f3wKRS 0000057346 1. Postanowienia og\u00f3lne 1. Niniejszy regulamin<span class=\"more-dots\">&#8230;<\/span><\/p>\n","protected":false},"author":7,"featured_media":0,"parent":0,"menu_order":0,"comment_status":"closed","ping_status":"closed","template":"","meta":{"_acf_changed":false,"footnotes":""},"class_list":["post-2","page","type-page","status-publish","hentry","no-post-thumbnail"],"acf":[],"_links":{"self":[{"href":"https:\/\/fundacjasercajezusa.pl\/index.php\/wp-json\/wp\/v2\/pages\/2","targetHints":{"allow":["GET"]}}],"collection":[{"href":"https:\/\/fundacjasercajezusa.pl\/index.php\/wp-json\/wp\/v2\/pages"}],"about":[{"href":"https:\/\/fundacjasercajezusa.pl\/index.php\/wp-json\/wp\/v2\/types\/page"}],"author":[{"embeddable":true,"href":"https:\/\/fundacjasercajezusa.pl\/index.php\/wp-json\/wp\/v2\/users\/7"}],"replies":[{"embeddable":true,"href":"https:\/\/fundacjasercajezusa.pl\/index.php\/wp-json\/wp\/v2\/comments?post=2"}],"version-history":[{"count":2,"href":"https:\/\/fundacjasercajezusa.pl\/index.php\/wp-json\/wp\/v2\/pages\/2\/revisions"}],"predecessor-version":[{"id":352,"href":"https:\/\/fundacjasercajezusa.pl\/index.php\/wp-json\/wp\/v2\/pages\/2\/revisions\/352"}],"wp:attachment":[{"href":"https:\/\/fundacjasercajezusa.pl\/index.php\/wp-json\/wp\/v2\/media?parent=2"}],"curies":[{"name":"wp","href":"https:\/\/api.w.org\/{rel}","templated":true}]}}