{"id":144,"date":"2024-02-24T22:13:35","date_gmt":"2024-02-24T22:13:35","guid":{"rendered":"https:\/\/fundacjasercajezusa.pl\/?page_id=144"},"modified":"2024-02-24T22:36:23","modified_gmt":"2024-02-24T22:36:23","slug":"pisma-ks-tadeusz-kiersztyn","status":"publish","type":"page","link":"https:\/\/fundacjasercajezusa.pl\/index.php\/pisma-ks-tadeusz-kiersztyn\/","title":{"rendered":"Pisma ks. Tadeusz Kiersztyn"},"content":{"rendered":"\n<p><strong>Wybrane fragmenty tekst\u00f3w, kt\u00f3re wysz\u0142y spod pi\u00f3ra ksi\u0119dza Tadeusza w latach 90., kt\u00f3re pokazuj\u0105, jak Pan B\u00f3g przygotowywa\u0142 swego s\u0142ug\u0119 do prowadzenia dzie\u0142a tak niezwyk\u0142ego i trudnego, jakim by\u0142a i jest Intronizacja.<\/strong><\/p>\n\n\n\n<div class=\"wp-block-query is-layout-flow wp-block-query-is-layout-flow\"><ul class=\"wp-block-post-template is-layout-flow wp-block-post-template-is-layout-flow\"><li class=\"wp-block-post post-163 post type-post status-publish format-standard hentry category-pisma no-post-thumbnail\">\n<h2 class=\"wp-block-post-title\"><a href=\"https:\/\/fundacjasercajezusa.pl\/index.php\/2024\/02\/24\/1996-r\/\" target=\"_self\" >1996r.<\/a><\/h2>\n\n<div class=\"wp-block-post-excerpt\"><p class=\"wp-block-post-excerpt__excerpt\">(\u2026) Mo\u017cna poprawia\u0107 prawa. Z lud\u017ami sprawa jest o wiele trudniejsza, gdy\u017c ich chcenie lub niechcenie przes\u0105dza skutki. Jednak\u017ce w jednym i drugim przypadku s\u0105 to procesy wymagaj\u0105ce d\u0142ugiego czasu. Czy Polska ma ten czas? Czy nasz nar\u00f3d nie domaga si\u0119 radykalnych zmian, trac\u0105c z dnia na dzie\u0144 cierpliwo\u015b\u0107? Wielu ludzi w Polsce widzi mo\u017cliwo\u015b\u0107 radykalnego wyj\u015bcia z tego impasu. W\u0142adz\u0119 w Polsce trzeba powierzy\u0107 w kr\u00f3lewskie d\u0142onie&hellip;<\/p><p class=\"wp-block-post-excerpt__more-text\"><a class=\"wp-block-post-excerpt__more-link\" href=\"https:\/\/fundacjasercajezusa.pl\/index.php\/2024\/02\/24\/1996-r\/\">Czytaj dalej<\/a><\/p><\/div>\n<\/li><li class=\"wp-block-post post-161 post type-post status-publish format-standard hentry category-pisma no-post-thumbnail\">\n<h2 class=\"wp-block-post-title\"><a href=\"https:\/\/fundacjasercajezusa.pl\/index.php\/2024\/02\/24\/1995r\/\" target=\"_self\" >1995r.<\/a><\/h2>\n\n<div class=\"wp-block-post-excerpt\"><p class=\"wp-block-post-excerpt__excerpt\">W prasie przychylnej dla warto\u015bci chrze\u015bcija\u0144skich ukazuje si\u0119 w ostatnich miesi\u0105cach coraz wi\u0119cej artyku\u0142\u00f3w, demaskuj\u0105cych \u2014 prowadzon\u0105 z wielkim impetem \u2014 podst\u0119pn\u0105 walk\u0119 z Ko\u015bcio\u0142em. Celem tej walki jest zburzenie porz\u0105dku spo\u0142ecznego, powsta\u0142ego w wyniku dzia\u0142alno\u015bci ewangelizacyjnej Ko\u015bcio\u0142a na przestrzeni minionych wiek\u00f3w. Powodem tych dzia\u0142a\u0144 jest ch\u0119\u0107 urzeczywistnienia w \u015bwiecie wizji nowego \u0142adu, zbudowanego na anty-prawdach i anty-warto\u015bciach. Prawdy i warto\u015bci, objawione przez Jezusa Chrystusa, s\u0105 znienawidzone i&hellip;<\/p><p class=\"wp-block-post-excerpt__more-text\"><a class=\"wp-block-post-excerpt__more-link\" href=\"https:\/\/fundacjasercajezusa.pl\/index.php\/2024\/02\/24\/1995r\/\">Czytaj dalej<\/a><\/p><\/div>\n<\/li><li class=\"wp-block-post post-147 post type-post status-publish format-standard hentry category-pisma no-post-thumbnail\">\n<h2 class=\"wp-block-post-title\"><a href=\"https:\/\/fundacjasercajezusa.pl\/index.php\/2024\/02\/24\/1994r\/\" target=\"_self\" >1994r.<\/a><\/h2>\n\n<div class=\"wp-block-post-excerpt\"><p class=\"wp-block-post-excerpt__excerpt\">Nowy rok &#8211; to kolejny etap w bezkresnej w\u0119dr\u00f3wce ludzko\u015bci poprzez epoki, milenia i wieki ku odleg\u0142ym brzegom przeznaczenia. Rok 1994 budzi w nas nowe nadzieje, ale te\u017c i spore l\u0119ki. Co nas czeka? My\u015bli kieruj\u0105 si\u0119 ku nowym rz\u0105dom, gabinetom, ludziom, kt\u00f3rzy w swych r\u0119kach trzymaj\u0105 nitki ludzkiego szcz\u0119\u015bcia. Czy jeste\u015bmy rzeczywi\u015bcie wydani na \u0142ask\u0119 autokrat\u00f3w? Na progu nowego roku pragniemy powita\u0107 Kr\u00f3la Wiek\u00f3w; wszechmog\u0105cego w\u0142adc\u0119 \u015bwiata,&hellip;<\/p><p class=\"wp-block-post-excerpt__more-text\"><a class=\"wp-block-post-excerpt__more-link\" href=\"https:\/\/fundacjasercajezusa.pl\/index.php\/2024\/02\/24\/1994r\/\">Czytaj dalej<\/a><\/p><\/div>\n<\/li><\/ul><\/div>\n","protected":false},"excerpt":{"rendered":"<p>Wybrane fragmenty tekst\u00f3w, kt\u00f3re wysz\u0142y spod pi\u00f3ra ksi\u0119dza Tadeusza w latach 90., kt\u00f3re pokazuj\u0105,<span class=\"more-dots\">&#8230;<\/span><\/p>\n","protected":false},"author":1,"featured_media":0,"parent":0,"menu_order":0,"comment_status":"closed","ping_status":"closed","template":"","meta":{"_acf_changed":false,"footnotes":""},"class_list":["post-144","page","type-page","status-publish","hentry","no-post-thumbnail"],"acf":[],"_links":{"self":[{"href":"https:\/\/fundacjasercajezusa.pl\/index.php\/wp-json\/wp\/v2\/pages\/144","targetHints":{"allow":["GET"]}}],"collection":[{"href":"https:\/\/fundacjasercajezusa.pl\/index.php\/wp-json\/wp\/v2\/pages"}],"about":[{"href":"https:\/\/fundacjasercajezusa.pl\/index.php\/wp-json\/wp\/v2\/types\/page"}],"author":[{"embeddable":true,"href":"https:\/\/fundacjasercajezusa.pl\/index.php\/wp-json\/wp\/v2\/users\/1"}],"replies":[{"embeddable":true,"href":"https:\/\/fundacjasercajezusa.pl\/index.php\/wp-json\/wp\/v2\/comments?post=144"}],"version-history":[{"count":10,"href":"https:\/\/fundacjasercajezusa.pl\/index.php\/wp-json\/wp\/v2\/pages\/144\/revisions"}],"predecessor-version":[{"id":173,"href":"https:\/\/fundacjasercajezusa.pl\/index.php\/wp-json\/wp\/v2\/pages\/144\/revisions\/173"}],"wp:attachment":[{"href":"https:\/\/fundacjasercajezusa.pl\/index.php\/wp-json\/wp\/v2\/media?parent=144"}],"curies":[{"name":"wp","href":"https:\/\/api.w.org\/{rel}","templated":true}]}}